{"id":1223,"date":"2026-03-18T15:07:19","date_gmt":"2026-03-18T15:07:19","guid":{"rendered":"https:\/\/marazulliving.com\/contacto\/"},"modified":"2026-03-28T15:51:28","modified_gmt":"2026-03-28T15:51:28","slug":"contacto","status":"publish","type":"page","link":"https:\/\/marazulliving.com\/fr\/contacto\/","title":{"rendered":"Contacto"},"content":{"rendered":"\t\t<div data-elementor-type=\"wp-page\" data-elementor-id=\"1223\" class=\"elementor elementor-1223\">\n\t\t\t\t\t\t<section class=\"elementor-section elementor-top-section elementor-element elementor-element- elementor-section-full_width elementor-section-height-default elementor-section-height-default\" data-id=\"\" data-element_type=\"section\" data-e-type=\"section\">\n\t\t\t\t\t\t<div class=\"elementor-container elementor-column-gap-no\">\n\t\t\t\t\t<div class=\"elementor-column elementor-col-100 elementor-top-column elementor-element elementor-element-\" data-id=\"\" data-element_type=\"column\" data-e-type=\"column\">\n\t\t\t<div class=\"elementor-widget-wrap elementor-element-populated\">\n\t\t\t\t\t\t<div class=\"elementor-element elementor-element- elementor-widget elementor-widget-html\" data-id=\"\" data-element_type=\"widget\" data-e-type=\"widget\" data-widget_type=\"html.default\">\n\t\t\t\t\t<style>\n.mal-cp-hero{background:#1a2a3a;padding:80px 40px 50px;text-align:center}\n.mal-cp-hero .label{color:#c5a44e;font-family:'Jost',sans-serif;font-size:11px;letter-spacing:0.2em;text-transform:uppercase;margin-bottom:16px}\n.mal-cp-hero h1{font-family:'Cormorant Garamond',Georgia,serif;font-size:48px;font-weight:300;color:#fff;margin:0 0 16px}\n.mal-cp-hero h1 em{color:#c5a44e;font-style:italic}\n.mal-cp-hero .sub{color:rgba(255,255,255,0.6);font-size:16px;line-height:1.7;max-width:550px;margin:0 auto}\n.mal-cp-body{background:#f8f4ec;padding:60px 40px}\n.mal-cp{max-width:1100px;margin:0 auto}\n.mal-cp-grid{display:grid;grid-template-columns:1fr 1.2fr;gap:50px}\n.mal-cp-wa{background:linear-gradient(135deg,rgba(37,211,102,0.08),rgba(37,211,102,0.03));border:1px solid rgba(37,211,102,0.2);border-radius:6px;padding:24px 28px;margin-bottom:28px;display:flex;gap:16px;align-items:flex-start}\n.mal-cp-wa-icon{font-size:28px;flex-shrink:0}\n.mal-cp-wa h4{color:#1a9e4f;font-size:16px;margin-bottom:4px}\n.mal-cp-wa h4 span{font-size:9px;letter-spacing:0.12em;text-transform:uppercase;background:rgba(37,211,102,0.15);color:#1a9e4f;padding:2px 8px;border-radius:20px;margin-left:8px;vertical-align:middle}\n.mal-cp-wa p{font-size:13px;color:#7a7468;margin-bottom:12px}\n.mal-cp-wa-btn{display:inline-flex;align-items:center;gap:8px;background:#25D366;color:#fff!important;padding:11px 22px;border-radius:4px;font-size:12px;letter-spacing:0.1em;text-transform:uppercase;text-decoration:none;font-weight:500;transition:background 0.3s}\n.mal-cp-wa-btn:hover{background:#1da851}\n.mal-cp-detail{display:flex;gap:16px;align-items:center;padding:18px 0;border-bottom:1px solid rgba(26,42,58,0.08)}\n.mal-cp-detail:last-child{border-bottom:none}\n.mal-cp-icon{font-size:22px;width:44px;height:44px;display:flex;align-items:center;justify-content:center;background:rgba(197,164,78,0.1);border-radius:50%;flex-shrink:0}\n.mal-cp-detail h4{font-size:15px;color:#1a2a3a;margin-bottom:2px;font-weight:500}\n.mal-cp-detail p,.mal-cp-detail a{font-size:14px;color:#7a7468;text-decoration:none}\n.mal-cp-detail a:hover{color:#c5a44e}\n.mal-cp-row{display:grid;grid-template-columns:1fr 1fr;gap:16px;margin-bottom:16px}\n.mal-cp-field{display:flex;flex-direction:column;margin-bottom:16px}\n.mal-cp-field label{font-size:11px;text-transform:uppercase;letter-spacing:0.1em;color:#7a7468;margin-bottom:6px;font-weight:500}\n.mal-cp-field input,.mal-cp-field select,.mal-cp-field textarea{border:1px solid rgba(26,42,58,0.12);padding:12px 16px;font-size:14px;color:#1a2a3a;font-family:inherit;border-radius:4px;background:#fff;transition:border-color 0.3s}\n.mal-cp-field input:focus,.mal-cp-field select:focus,.mal-cp-field textarea:focus{outline:none;border-color:#c5a44e}\n.mal-cp-field textarea{resize:vertical;min-height:120px}\n.mal-cp-submit{background:#c5a44e;color:#fff;border:none;padding:14px 36px;font-size:12px;letter-spacing:0.15em;text-transform:uppercase;font-weight:500;cursor:pointer;border-radius:4px;width:100%;transition:background 0.3s;font-family:inherit}\n.mal-cp-submit:hover{background:#b8943f}\n.mal-cp-footer{font-size:12px;color:#7a7468;margin-top:14px;text-align:center}\n.mal-cp-footer a{color:#25D366;font-weight:600;text-decoration:none}\n.mal-cp-rgpd{display:flex;gap:8px;align-items:flex-start;margin-bottom:20px}\n.mal-cp-rgpd input{margin-top:3px}\n.mal-cp-rgpd label{font-size:12px;color:#7a7468}\n.mal-cp-rgpd a{color:#c5a44e}\n@media(max-width:768px){.mal-cp-grid{grid-template-columns:1fr;gap:30px}.mal-cp-row{grid-template-columns:1fr}.mal-cp-hero h1{font-size:36px}}\n<\/style>\n<div class=\"mal-cp-hero\">\n<p class=\"label\">Estamos aqu\u00ed para ayudarte<\/p>\n<h1>Hablemos <em>hoy<\/em><\/h1>\n<p class=\"sub\">Cu\u00e9ntanos qu\u00e9 est\u00e1s buscando. Nuestro equipo multiling\u00fce te atender\u00e1 de forma personalizada.<\/p>\n<\/div>\n<div class=\"mal-cp-body\">\n<div class=\"mal-cp\">\n<div class=\"mal-cp-grid\">\n<div>\n<div class=\"mal-cp-wa\"><div class=\"mal-cp-wa-icon\">\ud83d\udcac<\/div><div><h4>WhatsApp <span>Preferido<\/span><\/h4><p>Respuesta inmediata \u00b7 Disponible 7 d\u00edas<\/p><a href=\"https:\/\/wa.me\/34614488087?text=Hola%2C%20me%20interesa%20una%20propiedad%20en%20la%20Costa%20del%20Sol\" target=\"_blank\" class=\"mal-cp-wa-btn\"><svg width=\"16\" height=\"16\" viewBox=\"0 0 24 24\" fill=\"currentColor\"><path d=\"M17.472 14.382c-.297-.149-1.758-.867-2.03-.967-.273-.099-.471-.148-.67.15-.197.297-.767.966-.94 1.164-.173.199-.347.223-.644.075-.297-.15-1.255-.463-2.39-1.475-.883-.788-1.48-1.761-1.653-2.059-.173-.297-.018-.458.13-.606.134-.133.298-.347.446-.52.149-.174.198-.298.298-.497.099-.198.05-.371-.025-.52-.075-.149-.669-1.612-.916-2.207-.242-.579-.487-.5-.669-.51-.173-.008-.371-.01-.57-.01-.198 0-.52.074-.792.372-.272.297-1.04 1.016-1.04 2.479 0 1.462 1.065 2.875 1.213 3.074.149.198 2.096 3.2 5.077 4.487.709.306 1.262.489 1.694.625.712.227 1.36.195 1.871.118.571-.085 1.758-.719 2.006-1.413.248-.694.248-1.289.173-1.413-.074-.124-.272-.198-.57-.347m-5.421 7.403h-.004a9.87 9.87 0 01-5.031-1.378l-.361-.214-3.741.982.998-3.648-.235-.374a9.86 9.86 0 01-1.51-5.26c.001-5.45 4.436-9.884 9.888-9.884 2.64 0 5.122 1.03 6.988 2.898a9.825 9.825 0 012.893 6.994c-.003 5.45-4.437 9.884-9.885 9.884m8.413-18.297A11.815 11.815 0 0012.05 0C5.495 0 .16 5.335.157 11.892c0 2.096.547 4.142 1.588 5.945L.057 24l6.305-1.654a11.882 11.882 0 005.683 1.448h.005c6.554 0 11.89-5.335 11.893-11.893a11.821 11.821 0 00-3.48-8.413z\"\/><\/svg> Escribir por WhatsApp<\/a><\/div><\/div>\n<div class=\"mal-cp-detail\"><div class=\"mal-cp-icon\">\ud83d\udcde<\/div><div><h4>Tel\u00e9fono<\/h4><a href=\"tel:+34614488087\">+34 61 44 88 087<\/a><\/div><\/div>\n<div class=\"mal-cp-detail\"><div class=\"mal-cp-icon\">\u2709\ufe0f<\/div><div><h4>Email<\/h4><a href=\"mailto:info@marazulliving.com\">info@marazulliving.com<\/a><\/div><\/div>\n<div class=\"mal-cp-detail\"><div class=\"mal-cp-icon\">\ud83d\udd50<\/div><div><h4>Horario<\/h4><p>Lun\u2013Vie: 9:00 \u2013 19:00<\/p><\/div><\/div>\n<div class=\"mal-cp-detail\"><div class=\"mal-cp-icon\">\ud83d\udccd<\/div><div><h4>Zona de operaci\u00f3n<\/h4><p>Costa del Sol, M\u00e1laga, Espa\u00f1a<\/p><\/div><\/div>\n<\/div>\n<div>\n<div class=\"mal-cp-row\"><div class=\"mal-cp-field\"><label>Nombre<\/label><input type=\"text\" placeholder=\"Tu nombre\"><\/div><div class=\"mal-cp-field\"><label>Apellidos<\/label><input type=\"text\" placeholder=\"Tus apellidos\"><\/div><\/div>\n<div class=\"mal-cp-row\"><div class=\"mal-cp-field\"><label>Email<\/label><input type=\"email\" placeholder=\"tu@email.com\"><\/div><div class=\"mal-cp-field\"><label>Tel\u00e9fono \/ WhatsApp<\/label><input type=\"tel\" placeholder=\"+34 ...\"><\/div><\/div>\n<div class=\"mal-cp-field\"><label>\u00bfQu\u00e9 buscas?<\/label><select><option>Comprar una propiedad<\/option><option>Vender mi propiedad<\/option><option>Informaci\u00f3n sobre alquiler<\/option><option>Asesor\u00eda de inversi\u00f3n<\/option><option>Extranjer\u00eda y NIE<\/option><option>Otro<\/option><\/select><\/div>\n<div class=\"mal-cp-field\"><label>Mensaje<\/label><textarea placeholder=\"Cu\u00e9ntanos qu\u00e9 est\u00e1s buscando: zona, presupuesto, tipo de propiedad...\"><\/textarea><\/div>\n<div class=\"mal-cp-field\"><label>Idioma preferido<\/label><select><option>Espa\u00f1ol<\/option><option>English<\/option><option>Fran\u00e7ais<\/option><option>\u0627\u0644\u0639\u0631\u0628\u064a\u0629<\/option><option>Otro<\/option><\/select><\/div>\n<div class=\"mal-cp-rgpd\"><input type=\"checkbox\" required><label>He le\u00eddo y acepto la <a href=\"\/politica-de-privacidad\/\" target=\"_blank\">Pol\u00edtica de Privacidad<\/a><\/label><\/div>\n<button type=\"button\" class=\"mal-cp-submit\">Enviar mensaje<\/button>\n<p class=\"mal-cp-footer\">O contacta por <a href=\"https:\/\/wa.me\/34614488087\" target=\"_blank\">WhatsApp \u2192<\/a><\/p>\n<\/div>\n<\/div>\n<\/div>\n<\/div><img decoding=\"async\" src=\"data:image\/gif;base64,R0lGODlhAQABAIAAAAAAAP\/\/\/yH5BAEAAAAALAAAAAABAAEAAAIBRAA7\" style=\"display:none\" alt=\"Mar Azul Living\" onload=\"\n\/* contact-form-inline-handler *\/\nvar b=document.querySelector('.mal-cp-submit');\nif(b){b.addEventListener('click',function(e){\ne.preventDefault();\nvar n=document.querySelector('.mal-cp-field input[placeholder*=nombre]');\nvar ap=document.querySelector('.mal-cp-field input[placeholder*=apellido]');\nvar em=document.querySelector('.mal-cp-field input[type=email]');\nvar ph=document.querySelector('.mal-cp-field input[type=tel]');\nvar sel=document.querySelector('.mal-cp-field select');\nvar msg=document.querySelector('.mal-cp-field textarea');\nvar nm=(n?n.value:'')+(ap?' '+ap.value:'');\nvar email=em?em.value:'';\nvar phone=ph?ph.value:'';\nvar interest=sel?sel.options[sel.selectedIndex].text:'';\nvar message=msg?msg.value:'';\nif(!nm.trim()){alert('Por favor, introduce tu nombre.');return;}\nif(!email.trim()&&!phone.trim()){alert('Introduce tu email o tel\\u00e9fono.');return;}\nvar t='Hola Mar Azul Living,%0A%0ASoy *'+encodeURIComponent(nm.trim())+'*%0A';\nif(email)t+='Email: '+encodeURIComponent(email)+'%0A';\nif(phone)t+='Tel: '+encodeURIComponent(phone)+'%0A';\nif(interest)t+='Interesado en: '+encodeURIComponent(interest)+'%0A';\nif(message)t+='%0AMensaje:%0A'+encodeURIComponent(message);\nt+='%0A%0A(Enviado desde marazulliving.com\/contacto)';\nwindow.open('https:\/\/wa.me\/34614488087?text='+t,'_blank');\nb.textContent='\\u2713 Mensaje enviado';\nb.style.background='#25D366';b.style.color='#fff';\nsetTimeout(function(){b.textContent='Enviar mensaje';b.style.background='';b.style.color='';},4000);\n});}\n\">\t\t\t\t<\/div>\n\t\t\t\t\t<\/div>\n\t\t<\/div>\n\t\t\t\t\t<\/div>\n\t\t<\/section>\n\t\t\t\t<\/div>\n\t\t","protected":false},"excerpt":{"rendered":"<p>Estamos aqu\u00ed para ayudarte Hablemos hoy Cu\u00e9ntanos qu\u00e9 est\u00e1s buscando. Nuestro equipo multiling\u00fce te atender\u00e1 de forma personalizada. \ud83d\udcac WhatsApp Preferido Respuesta inmediata \u00b7 Disponible 7 d\u00edas Escribir por WhatsApp [&hellip;]<\/p>\n","protected":false},"author":1,"featured_media":0,"parent":0,"menu_order":0,"comment_status":"closed","ping_status":"closed","template":"elementor_header_footer","meta":{"footnotes":""},"class_list":["post-1223","page","type-page","status-publish","hentry"],"_hostinger_reach_plugin_has_subscription_block":false,"_hostinger_reach_plugin_is_elementor":false,"_links":{"self":[{"href":"https:\/\/marazulliving.com\/fr\/wp-json\/wp\/v2\/pages\/1223","targetHints":{"allow":["GET"]}}],"collection":[{"href":"https:\/\/marazulliving.com\/fr\/wp-json\/wp\/v2\/pages"}],"about":[{"href":"https:\/\/marazulliving.com\/fr\/wp-json\/wp\/v2\/types\/page"}],"author":[{"embeddable":true,"href":"https:\/\/marazulliving.com\/fr\/wp-json\/wp\/v2\/users\/1"}],"replies":[{"embeddable":true,"href":"https:\/\/marazulliving.com\/fr\/wp-json\/wp\/v2\/comments?post=1223"}],"version-history":[{"count":24,"href":"https:\/\/marazulliving.com\/fr\/wp-json\/wp\/v2\/pages\/1223\/revisions"}],"predecessor-version":[{"id":1421,"href":"https:\/\/marazulliving.com\/fr\/wp-json\/wp\/v2\/pages\/1223\/revisions\/1421"}],"wp:attachment":[{"href":"https:\/\/marazulliving.com\/fr\/wp-json\/wp\/v2\/media?parent=1223"}],"curies":[{"name":"wp","href":"https:\/\/api.w.org\/{rel}","templated":true}]}}