{"id":1058,"date":"2026-03-17T13:24:19","date_gmt":"2026-03-17T13:24:19","guid":{"rendered":"https:\/\/marazulliving.com\/aviso-legal\/"},"modified":"2026-03-31T09:18:47","modified_gmt":"2026-03-31T09:18:47","slug":"aviso-legal","status":"publish","type":"page","link":"https:\/\/marazulliving.com\/en\/aviso-legal\/","title":{"rendered":"Aviso Legal"},"content":{"rendered":"<div data-elementor-type=\"wp-page\" data-elementor-id=\"1058\" class=\"elementor elementor-1058\">\n\t\t\t\t<div class=\"elementor-element elementor-element-2324c959 e-flex e-con-boxed e-con e-parent\" data-id=\"2324c959\" data-element_type=\"container\" data-e-type=\"container\">\n\t\t\t\t\t<div class=\"e-con-inner\">\n\t\t\t\t<div class=\"elementor-element elementor-element-1df59003 elementor-widget elementor-widget-text-editor\" data-id=\"1df59003\" data-element_type=\"widget\" data-e-type=\"widget\" data-widget_type=\"text-editor.default\">\n\t\t\t\t\t\t\t\t\t<h2>Datos identificativos<\/h2>\n<p>En cumplimiento del art\u00edculo 10 de la Ley 34\/2002, de 11 de julio, de Servicios de la Sociedad de la Informaci\u00f3n y Comercio Electr\u00f3nico (LSSI-CE), se informa:<\/p>\n<ul>\n<li><strong>Titular:<\/strong> Mar Azul Living<\/li>\n<li><strong>Domicilio:<\/strong> Fuengirola, 29640 (M\u00e1laga), Espa\u00f1a<\/li>\n<li><strong>Email:<\/strong> info@marazulliving.com<\/li>\n<li><strong>Tel\u00e9fono:<\/strong> +34 61 44 88 087<\/li>\n<li><strong>Actividad:<\/strong> Intermediaci\u00f3n inmobiliaria<\/li>\n<\/ul>\n<h2>Objeto<\/h2>\n<p>El presente aviso legal regula el uso y acceso al sitio web marazulliving.com (en adelante, el Sitio Web), propiedad de Mar Azul Living.<\/p>\n<p>La navegaci\u00f3n por el Sitio Web atribuye la condici\u00f3n de usuario e implica la aceptaci\u00f3n plena y sin reservas de todas las disposiciones incluidas en este Aviso Legal.<\/p>\n<h2>Propiedad intelectual e industrial<\/h2>\n<p>Todos los contenidos del Sitio Web, incluyendo textos, fotograf\u00edas, gr\u00e1ficos, im\u00e1genes, iconos, tecnolog\u00eda, software, enlaces y dem\u00e1s contenidos audiovisuales o sonoros, as\u00ed como su dise\u00f1o gr\u00e1fico y c\u00f3digos fuente, son propiedad intelectual de Mar Azul Living o de terceros, sin que puedan entenderse cedidos al usuario ninguno de los derechos de explotaci\u00f3n.<\/p>\n<h2>Exclusi\u00f3n de responsabilidad<\/h2>\n<p>Mar Azul Living no se hace responsable de la informaci\u00f3n publicada en su sitio web siempre que esta haya sido manipulada o introducida por un tercero ajeno al mismo.<\/p>\n<h2>Legislaci\u00f3n aplicable<\/h2>\n<p>Para la resoluci\u00f3n de todas las controversias o cuestiones relacionadas con el presente sitio web, ser\u00e1 de aplicaci\u00f3n la legislaci\u00f3n espa\u00f1ola.<\/p>\t\t\t\t\t\t\t\t<\/div>\n\t\t\t\t\t<\/div>\n\t\t\t\t<\/div>\n\t\t\t\t<\/div>","protected":false},"excerpt":{"rendered":"<p>Datos identificativos En cumplimiento del art\u00edculo 10 de la Ley 34\/2002, de 11 de julio, de Servicios de la Sociedad de la Informaci\u00f3n y Comercio Electr\u00f3nico (LSSI-CE), se informa: Titular: [&hellip;]<\/p>\n","protected":false},"author":1,"featured_media":0,"parent":0,"menu_order":0,"comment_status":"closed","ping_status":"closed","template":"","meta":{"footnotes":""},"class_list":["post-1058","page","type-page","status-publish","hentry"],"_hostinger_reach_plugin_has_subscription_block":false,"_hostinger_reach_plugin_is_elementor":false,"_links":{"self":[{"href":"https:\/\/marazulliving.com\/en\/wp-json\/wp\/v2\/pages\/1058","targetHints":{"allow":["GET"]}}],"collection":[{"href":"https:\/\/marazulliving.com\/en\/wp-json\/wp\/v2\/pages"}],"about":[{"href":"https:\/\/marazulliving.com\/en\/wp-json\/wp\/v2\/types\/page"}],"author":[{"embeddable":true,"href":"https:\/\/marazulliving.com\/en\/wp-json\/wp\/v2\/users\/1"}],"replies":[{"embeddable":true,"href":"https:\/\/marazulliving.com\/en\/wp-json\/wp\/v2\/comments?post=1058"}],"version-history":[{"count":6,"href":"https:\/\/marazulliving.com\/en\/wp-json\/wp\/v2\/pages\/1058\/revisions"}],"predecessor-version":[{"id":1431,"href":"https:\/\/marazulliving.com\/en\/wp-json\/wp\/v2\/pages\/1058\/revisions\/1431"}],"wp:attachment":[{"href":"https:\/\/marazulliving.com\/en\/wp-json\/wp\/v2\/media?parent=1058"}],"curies":[{"name":"wp","href":"https:\/\/api.w.org\/{rel}","templated":true}]}}