{"id":1056,"date":"2026-03-17T13:24:19","date_gmt":"2026-03-17T13:24:19","guid":{"rendered":"https:\/\/marazulliving.com\/politica-de-cookies\/"},"modified":"2026-03-31T09:20:58","modified_gmt":"2026-03-31T09:20:58","slug":"politica-de-cookies","status":"publish","type":"page","link":"https:\/\/marazulliving.com\/ar\/politica-de-cookies\/","title":{"rendered":"Pol\u00edtica de Cookies"},"content":{"rendered":"<div data-elementor-type=\"wp-page\" data-elementor-id=\"1056\" class=\"elementor elementor-1056\">\n\t\t\t\t<div class=\"elementor-element elementor-element-45ca00b e-flex e-con-boxed e-con e-parent\" data-id=\"45ca00b\" data-element_type=\"container\" data-e-type=\"container\">\n\t\t\t\t\t<div class=\"e-con-inner\">\n\t\t\t\t<div class=\"elementor-element elementor-element-7008103 elementor-widget elementor-widget-text-editor\" data-id=\"7008103\" data-element_type=\"widget\" data-e-type=\"widget\" data-widget_type=\"text-editor.default\">\n\t\t\t\t\t\t\t\t\t<h2>\u00bfQu\u00e9 son las cookies?<\/h2>\n<p>Las cookies son peque\u00f1os archivos de texto que se almacenan en su dispositivo cuando visita un sitio web. Se utilizan ampliamente para hacer que los sitios web funcionen de manera eficiente y proporcionar informaci\u00f3n a los propietarios del sitio.<\/p>\n<h2>Cookies que utilizamos<\/h2>\n<h3>Cookies t\u00e9cnicas (necesarias)<\/h3>\n<p>Son imprescindibles para el funcionamiento del sitio web. Permiten la navegaci\u00f3n y el uso de las diferentes opciones o servicios que ofrece.<\/p>\n<h3>Cookies anal\u00edticas<\/h3>\n<p>Permiten el seguimiento y an\u00e1lisis estad\u00edstico del comportamiento del conjunto de usuarios. La informaci\u00f3n recogida es an\u00f3nima.<\/p>\n<h3>Cookies de terceros<\/h3>\n<p>Nuestro sitio web puede utilizar servicios de terceros que recopilan informaci\u00f3n con fines estad\u00edsticos y de uso de la web (Google Analytics, ReSales Online).<\/p>\n<h2>\u00bfC\u00f3mo gestionar las cookies?<\/h2>\n<p>Puede permitir, bloquear o eliminar las cookies instaladas en su equipo mediante la configuraci\u00f3n de las opciones del navegador instalado en su dispositivo.<\/p>\n<h2>Actualizaci\u00f3n de la pol\u00edtica de cookies<\/h2>\n<p>Mar Azul Living Estates puede modificar esta pol\u00edtica de cookies en funci\u00f3n de exigencias legislativas, reglamentarias o con la finalidad de adaptar dicha pol\u00edtica a las instrucciones dictadas por la Agencia Espa\u00f1ola de Protecci\u00f3n de Datos.<\/p>\t\t\t\t\t\t\t\t<\/div>\n\t\t\t\t\t<\/div>\n\t\t\t\t<\/div>\n\t\t\t\t<\/div>","protected":false},"excerpt":{"rendered":"<p>\u00bfQu\u00e9 son las cookies? Las cookies son peque\u00f1os archivos de texto que se almacenan en su dispositivo cuando visita un sitio web. Se utilizan ampliamente para hacer que los sitios [&hellip;]<\/p>\n","protected":false},"author":1,"featured_media":0,"parent":0,"menu_order":0,"comment_status":"closed","ping_status":"closed","template":"","meta":{"footnotes":""},"class_list":["post-1056","page","type-page","status-publish","hentry"],"_hostinger_reach_plugin_has_subscription_block":false,"_hostinger_reach_plugin_is_elementor":false,"_links":{"self":[{"href":"https:\/\/marazulliving.com\/ar\/wp-json\/wp\/v2\/pages\/1056","targetHints":{"allow":["GET"]}}],"collection":[{"href":"https:\/\/marazulliving.com\/ar\/wp-json\/wp\/v2\/pages"}],"about":[{"href":"https:\/\/marazulliving.com\/ar\/wp-json\/wp\/v2\/types\/page"}],"author":[{"embeddable":true,"href":"https:\/\/marazulliving.com\/ar\/wp-json\/wp\/v2\/users\/1"}],"replies":[{"embeddable":true,"href":"https:\/\/marazulliving.com\/ar\/wp-json\/wp\/v2\/comments?post=1056"}],"version-history":[{"count":3,"href":"https:\/\/marazulliving.com\/ar\/wp-json\/wp\/v2\/pages\/1056\/revisions"}],"predecessor-version":[{"id":1437,"href":"https:\/\/marazulliving.com\/ar\/wp-json\/wp\/v2\/pages\/1056\/revisions\/1437"}],"wp:attachment":[{"href":"https:\/\/marazulliving.com\/ar\/wp-json\/wp\/v2\/media?parent=1056"}],"curies":[{"name":"wp","href":"https:\/\/api.w.org\/{rel}","templated":true}]}}